{"id":2638,"date":"2024-10-11T21:25:44","date_gmt":"2024-10-12T01:25:44","guid":{"rendered":"http:\/\/34.201.72.212\/?page_id=2638"},"modified":"2024-10-12T12:45:15","modified_gmt":"2024-10-12T16:45:15","slug":"tech","status":"publish","type":"page","link":"https:\/\/www.modixplastique.com\/fr\/tech\/","title":{"rendered":"tech"},"content":{"rendered":"<div data-elementor-type=\"wp-page\" data-elementor-id=\"2638\" class=\"elementor elementor-2638\" data-elementor-post-type=\"page\">\n\t\t\t\t<div class=\"elementor-element elementor-element-fd3d45a e-flex e-con-boxed e-con e-parent\" data-id=\"fd3d45a\" data-element_type=\"container\" data-e-type=\"container\" data-settings=\"{&quot;background_background&quot;:&quot;classic&quot;}\">\n\t\t\t\t\t<div class=\"e-con-inner\">\n\t\t<div class=\"elementor-element elementor-element-f127d2f e-con-full e-flex e-con e-child\" data-id=\"f127d2f\" data-element_type=\"container\" data-e-type=\"container\" data-settings=\"{&quot;background_background&quot;:&quot;classic&quot;}\">\n\t\t\t\t<div class=\"elementor-element elementor-element-95dab7d elementor-widget elementor-widget-heading\" data-id=\"95dab7d\" data-element_type=\"widget\" data-e-type=\"widget\" data-widget_type=\"heading.default\">\n\t\t\t\t\t<h1 class=\"elementor-heading-title elementor-size-default\">MODIX TECH<\/h1>\t\t\t\t<\/div>\n\t\t\t\t<\/div>\n\t\t\t\t\t<\/div>\n\t\t\t\t<\/div>\n\t\t<div class=\"elementor-element elementor-element-2498f7e e-flex e-con-boxed e-con e-parent\" data-id=\"2498f7e\" data-element_type=\"container\" data-e-type=\"container\">\n\t\t\t\t\t<div class=\"e-con-inner\">\n\t\t\t\t<div class=\"elementor-element elementor-element-fde4050 elementor-widget elementor-widget-spacer\" data-id=\"fde4050\" data-element_type=\"widget\" data-e-type=\"widget\" data-widget_type=\"spacer.default\">\n\t\t\t\t\t\t\t<div class=\"elementor-spacer\">\n\t\t\t<div class=\"elementor-spacer-inner\"><\/div>\n\t\t<\/div>\n\t\t\t\t\t\t<\/div>\n\t\t\t\t\t<\/div>\n\t\t\t\t<\/div>\n\t\t<div class=\"elementor-element elementor-element-0754cf4 e-flex e-con-boxed e-con e-parent\" data-id=\"0754cf4\" data-element_type=\"container\" data-e-type=\"container\">\n\t\t\t\t\t<div class=\"e-con-inner\">\n\t\t\t\t<div class=\"elementor-element elementor-element-eba16ff elementor-widget elementor-widget-heading\" data-id=\"eba16ff\" data-element_type=\"widget\" data-e-type=\"widget\" data-widget_type=\"heading.default\">\n\t\t\t\t\t<h2 class=\"elementor-heading-title elementor-size-default\">\u00c0 propos de Modix Tech<\/h2>\t\t\t\t<\/div>\n\t\t\t\t<div class=\"elementor-element elementor-element-22cc3a4 elementor-widget elementor-widget-text-editor\" data-id=\"22cc3a4\" data-element_type=\"widget\" data-e-type=\"widget\" data-widget_type=\"text-editor.default\">\n\t\t\t\t\t\t\t\t\t<p>Modix Tech s'engage \u00e0 innover et \u00e0 am\u00e9liorer en permanence les \u00e9quipements et les processus de production de films plastiques recycl\u00e9s.&nbsp;<\/p><p>Gr\u00e2ce \u00e0 des recherches et d\u00e9veloppements continus, nous relevons les d\u00e9fis de la s\u00e9paration des impuret\u00e9s telles que les m\u00e9taux, la terre, le papier et les tissus non tiss\u00e9s de divers types de films plastiques recycl\u00e9s.&nbsp;<\/p><p>Notre objectif est d\u2019am\u00e9liorer le processus de production et de fournir des solutions plus efficaces et respectueuses de l\u2019environnement qui produisent des produits finis de meilleure qualit\u00e9.&nbsp;<\/p><p>Modix Tech propose des solutions mat\u00e9rielles et logicielles de pointe qui sont non seulement \u00e9conomes en \u00e9nergie mais \u00e9galement peu encombrantes, favorisant ainsi le progr\u00e8s vers un avenir plus vert.<\/p>\t\t\t\t\t\t\t\t<\/div>\n\t\t\t\t\t<\/div>\n\t\t\t\t<\/div>\n\t\t\t\t<\/div>","protected":false},"excerpt":{"rendered":"<p>MODIX TECH About Modix Tech Modix Tech is committed to continuous innovation and improvement in the production equipment and processes for recycled plastic films.&nbsp; Through ongoing research and development, we are addressing the challenges of separating impurities such as metals, soil, paper, and non-woven fabrics from various types of recycled plastic films.&nbsp; Our goal is [&hellip;]<\/p>\n","protected":false},"author":1,"featured_media":0,"parent":0,"menu_order":0,"comment_status":"closed","ping_status":"closed","template":"","meta":{"_uag_custom_page_level_css":"","_monsterinsights_skip_tracking":false,"_monsterinsights_sitenote_active":false,"_monsterinsights_sitenote_note":"","_monsterinsights_sitenote_category":0,"site-sidebar-layout":"no-sidebar","site-content-layout":"page-builder","ast-site-content-layout":"full-width-container","site-content-style":"default","site-sidebar-style":"default","ast-global-header-display":"","ast-banner-title-visibility":"","ast-main-header-display":"","ast-hfb-above-header-display":"","ast-hfb-below-header-display":"","ast-hfb-mobile-header-display":"","site-post-title":"disabled","ast-breadcrumbs-content":"","ast-featured-img":"disabled","footer-sml-layout":"","theme-transparent-header-meta":"","adv-header-id-meta":"","stick-header-meta":"","header-above-stick-meta":"","header-main-stick-meta":"","header-below-stick-meta":"","astra-migrate-meta-layouts":"default","ast-page-background-enabled":"default","ast-page-background-meta":{"desktop":{"background-color":"","background-image":"","background-repeat":"repeat","background-position":"center center","background-size":"auto","background-attachment":"scroll","background-type":"","background-media":"","overlay-type":"","overlay-color":"","overlay-opacity":"","overlay-gradient":""},"tablet":{"background-color":"","background-image":"","background-repeat":"repeat","background-position":"center center","background-size":"auto","background-attachment":"scroll","background-type":"","background-media":"","overlay-type":"","overlay-color":"","overlay-opacity":"","overlay-gradient":""},"mobile":{"background-color":"","background-image":"","background-repeat":"repeat","background-position":"center center","background-size":"auto","background-attachment":"scroll","background-type":"","background-media":"","overlay-type":"","overlay-color":"","overlay-opacity":"","overlay-gradient":""}},"ast-content-background-meta":{"desktop":{"background-color":"var(--ast-global-color-5)","background-image":"","background-repeat":"repeat","background-position":"center center","background-size":"auto","background-attachment":"scroll","background-type":"","background-media":"","overlay-type":"","overlay-color":"","overlay-opacity":"","overlay-gradient":""},"tablet":{"background-color":"var(--ast-global-color-5)","background-image":"","background-repeat":"repeat","background-position":"center center","background-size":"auto","background-attachment":"scroll","background-type":"","background-media":"","overlay-type":"","overlay-color":"","overlay-opacity":"","overlay-gradient":""},"mobile":{"background-color":"var(--ast-global-color-5)","background-image":"","background-repeat":"repeat","background-position":"center center","background-size":"auto","background-attachment":"scroll","background-type":"","background-media":"","overlay-type":"","overlay-color":"","overlay-opacity":"","overlay-gradient":""}},"footnotes":""},"class_list":["post-2638","page","type-page","status-publish","hentry"],"uagb_featured_image_src":{"full":false,"thumbnail":false,"medium":false,"medium_large":false,"large":false,"1536x1536":false,"2048x2048":false,"trp-custom-language-flag":false},"uagb_author_info":{"display_name":"user","author_link":"https:\/\/www.modixplastique.com\/fr\/author\/user\/"},"uagb_comment_info":0,"uagb_excerpt":"MODIX TECH About Modix Tech Modix Tech is committed to continuous innovation and improvement in the production equipment and processes for recycled plastic films.&nbsp; Through ongoing research and development, we are addressing the challenges of separating impurities such as metals, soil, paper, and non-woven fabrics from various types of recycled plastic films.&nbsp; Our goal is&hellip;","_links":{"self":[{"href":"https:\/\/www.modixplastique.com\/fr\/wp-json\/wp\/v2\/pages\/2638","targetHints":{"allow":["GET"]}}],"collection":[{"href":"https:\/\/www.modixplastique.com\/fr\/wp-json\/wp\/v2\/pages"}],"about":[{"href":"https:\/\/www.modixplastique.com\/fr\/wp-json\/wp\/v2\/types\/page"}],"author":[{"embeddable":true,"href":"https:\/\/www.modixplastique.com\/fr\/wp-json\/wp\/v2\/users\/1"}],"replies":[{"embeddable":true,"href":"https:\/\/www.modixplastique.com\/fr\/wp-json\/wp\/v2\/comments?post=2638"}],"version-history":[{"count":19,"href":"https:\/\/www.modixplastique.com\/fr\/wp-json\/wp\/v2\/pages\/2638\/revisions"}],"predecessor-version":[{"id":2759,"href":"https:\/\/www.modixplastique.com\/fr\/wp-json\/wp\/v2\/pages\/2638\/revisions\/2759"}],"wp:attachment":[{"href":"https:\/\/www.modixplastique.com\/fr\/wp-json\/wp\/v2\/media?parent=2638"}],"curies":[{"name":"wp","href":"https:\/\/api.w.org\/{rel}","templated":true}]}}